{"id":1372,"date":"2022-10-19T17:51:31","date_gmt":"2022-10-19T17:51:31","guid":{"rendered":"https:\/\/cal4game.com\/?page_id=1372"},"modified":"2022-12-03T18:04:46","modified_gmt":"2022-12-03T18:04:46","slug":"privacidade","status":"publish","type":"page","link":"https:\/\/cal4game.com\/es\/privacidade\/","title":{"rendered":"Privacidad"},"content":{"rendered":"<div data-elementor-type=\"wp-page\" data-elementor-id=\"1372\" class=\"elementor elementor-1372\">\n\t\t\t\t\t\t<section class=\"elementor-section elementor-top-section elementor-element elementor-element-4d29b791 elementor-section-boxed elementor-section-height-default elementor-section-height-default\" data-id=\"4d29b791\" data-element_type=\"section\" data-e-type=\"section\">\n\t\t\t\t\t\t<div class=\"elementor-container elementor-column-gap-default\">\n\t\t\t\t\t<div class=\"elementor-column elementor-col-100 elementor-top-column elementor-element elementor-element-3954ec64\" data-id=\"3954ec64\" data-element_type=\"column\" data-e-type=\"column\">\n\t\t\t<div class=\"elementor-widget-wrap elementor-element-populated\">\n\t\t\t\t\t\t<div class=\"elementor-element elementor-element-de811a3 elementor-widget elementor-widget-text-editor\" data-id=\"de811a3\" data-element_type=\"widget\" data-e-type=\"widget\" data-widget_type=\"text-editor.default\">\n\t\t\t\t<div class=\"elementor-widget-container\">\n\t\t\t\t\t\t\t\t\t<p><\/p>\n<div class=\"inherit-container-width wp-block-group alignwide is-layout-constrained wp-block-group-is-layout-constrained\"><div class=\"wp-block-group__inner-container\">\n<p><\/p>\n<h1 class=\"wp-block-heading\">Pol\u00edtica de Privacidade<\/h1>\n<ul>\n<li>A sua privacidade \u00e9 importante para n\u00f3s. \u00c9 pol\u00edtica da Cal4Game respeitar a sua privacidade relativa a qualquer informa\u00e7\u00e3o sua que possa ser recolhida na nossa plataforma, Cal4Game.<\/li>\n<li>Toda a informa\u00e7\u00e3o recolhida ser\u00e1 \u00fanica e exclusivamente para fornecer determinado servi\u00e7o.&nbsp;Fazemo-lo por meios justos e legais, com o seu conhecimento e consentimento.<\/li>\n<li>Apenas retemos as informa\u00e7\u00f5es recolhidas durante o tempo necess\u00e1rio para fornecer o servi\u00e7o solicitado.&nbsp;Quando armazenamos dados, protegemos dentro de meios comercialmente aceit\u00e1veis para evitar perdas e roubos, bem como acesso, divulga\u00e7\u00e3o, c\u00f3pia, uso ou modifica\u00e7\u00e3o n\u00e3o autorizados.<\/li>\n<li>N\u00e3o compartilhamos informa\u00e7\u00f5es de identifica\u00e7\u00e3o pessoal publicamente ou com terceiros, exceto quando exigido por lei.<\/li>\n<li>O nosso site pode ter links para sites externos que n\u00e3o s\u00e3o operados por n\u00f3s. Esteja ciente de que n\u00e3o temos controlo sobre o conte\u00fado e pr\u00e1ticas desses sites e n\u00e3o podemos aceitar responsabilidade pelas suas respetivas&nbsp;pol\u00edticas de privacidade.<\/li>\n<li>Voc\u00ea \u00e9 livre para recusar a nossa solicita\u00e7\u00e3o de informa\u00e7\u00f5es pessoais, entendendo que talvez n\u00e3o possamos fornecer alguns dos servi\u00e7os desejados.<\/li>\n<li>O uso continuo de nosso site ser\u00e1 considerado como aceita\u00e7\u00e3o de nossas pr\u00e1ticas em torno de privacidade e informa\u00e7\u00f5es pessoais. Se tiver alguma d\u00favida sobre como lidamos com dados do usu\u00e1rio e informa\u00e7\u00f5es pessoais, entre em contacto connosco em <a href=\"mailto:support@cal4game.com\"><strong><em>support@cal4game.com<\/em><\/strong><\/a><\/li>\n<\/ul>\n<h3>Compromisso do utilizador<\/h3>\n<p>O usu\u00e1rio compromete-se a ter um uso adequado dos conte\u00fados e da informa\u00e7\u00e3o que a Cal4Game oferece no site e de car\u00e1ter enunciativo, mas n\u00e3o limitativo:<\/p>\n<ol>\n<li>N\u00e3o se envolver em atividades que sejam ilegais ou contr\u00e1rias \u00e0 boa f\u00e9 e \u00e0 ordem p\u00fablica;<\/li>\n<li><span style=\"font-size: 16px;\">N\u00e3o difundir propaganda ou conte\u00fado de natureza racista, xenof\u00f3bica, qualquer tipo de pornografia ilegal, de apologia ao terrorismo ou contra os direitos humanos;<\/span><\/li>\n<li><span style=\"font-size: 16px;\">N\u00e3o causar danos aos sistemas f\u00edsicos (hardwares) e l\u00f3gicos (softwares) do Cal4Game, de seus fornecedores ou terceiros, para introduzir ou disseminar v\u00edrus inform\u00e1ticos ou quaisquer outros sistemas de hardware ou software que sejam capazes de causar danos anteriormente mencionados.<\/span><\/li>\n<\/ol>\n<h3>Mais informa\u00e7\u00f5es<\/h3>\n<ul>\n<li>Esperamos que esteja esclarecido e, como mencionado anteriormente, se houver algo que voc\u00ea n\u00e3o tenha certeza se precisa ou n\u00e3o, geralmente \u00e9 mais seguro deixar os cookies ativados, caso interaja com um dos recursos dispon\u00edveis no nosso site.<\/li>\n<\/ul>\n<p>Esta pol\u00edtica \u00e9 efetiva a partir de 28 de junho 2021.<\/p>\n<p><\/p>\n<\/div><\/div>\n<p><\/p>\t\t\t\t\t\t\t\t<\/div>\n\t\t\t\t<\/div>\n\t\t\t\t\t<\/div>\n\t\t<\/div>\n\t\t\t\t\t<\/div>\n\t\t<\/section>\n\t\t\t\t<\/div>","protected":false},"excerpt":{"rendered":"<p>Pol\u00edtica de Privacidade A sua privacidade \u00e9 importante para n\u00f3s. \u00c9 pol\u00edtica da Cal4Game respeitar a sua privacidade relativa a qualquer informa\u00e7\u00e3o sua que possa ser recolhida na nossa plataforma, Cal4Game. Toda a informa\u00e7\u00e3o recolhida ser\u00e1 \u00fanica e exclusivamente para fornecer determinado servi\u00e7o.&nbsp;Fazemo-lo por meios justos e legais, com o seu conhecimento e consentimento. Apenas [&hellip;]<\/p>\n","protected":false},"author":1,"featured_media":0,"parent":0,"menu_order":0,"comment_status":"closed","ping_status":"closed","template":"","meta":{"_uag_custom_page_level_css":"","_monsterinsights_skip_tracking":false,"_monsterinsights_sitenote_active":false,"_monsterinsights_sitenote_note":"","_monsterinsights_sitenote_category":0,"site-sidebar-layout":"default","site-content-layout":"","ast-site-content-layout":"default","site-content-style":"default","site-sidebar-style":"default","ast-global-header-display":"","ast-banner-title-visibility":"","ast-main-header-display":"","ast-hfb-above-header-display":"","ast-hfb-below-header-display":"","ast-hfb-mobile-header-display":"","site-post-title":"disabled","ast-breadcrumbs-content":"","ast-featured-img":"","footer-sml-layout":"","ast-disable-related-posts":"","theme-transparent-header-meta":"","adv-header-id-meta":"","stick-header-meta":"","header-above-stick-meta":"","header-main-stick-meta":"","header-below-stick-meta":"","astra-migrate-meta-layouts":"default","ast-page-background-enabled":"default","ast-page-background-meta":{"desktop":{"background-color":"var(--ast-global-color-4)","background-image":"","background-repeat":"repeat","background-position":"center center","background-size":"auto","background-attachment":"scroll","background-type":"","background-media":"","overlay-type":"","overlay-color":"","overlay-opacity":"","overlay-gradient":""},"tablet":{"background-color":"","background-image":"","background-repeat":"repeat","background-position":"center center","background-size":"auto","background-attachment":"scroll","background-type":"","background-media":"","overlay-type":"","overlay-color":"","overlay-opacity":"","overlay-gradient":""},"mobile":{"background-color":"","background-image":"","background-repeat":"repeat","background-position":"center center","background-size":"auto","background-attachment":"scroll","background-type":"","background-media":"","overlay-type":"","overlay-color":"","overlay-opacity":"","overlay-gradient":""}},"ast-content-background-meta":{"desktop":{"background-color":"var(--ast-global-color-5)","background-image":"","background-repeat":"repeat","background-position":"center center","background-size":"auto","background-attachment":"scroll","background-type":"","background-media":"","overlay-type":"","overlay-color":"","overlay-opacity":"","overlay-gradient":""},"tablet":{"background-color":"var(--ast-global-color-5)","background-image":"","background-repeat":"repeat","background-position":"center center","background-size":"auto","background-attachment":"scroll","background-type":"","background-media":"","overlay-type":"","overlay-color":"","overlay-opacity":"","overlay-gradient":""},"mobile":{"background-color":"var(--ast-global-color-5)","background-image":"","background-repeat":"repeat","background-position":"center center","background-size":"auto","background-attachment":"scroll","background-type":"","background-media":"","overlay-type":"","overlay-color":"","overlay-opacity":"","overlay-gradient":""}},"footnotes":""},"class_list":["post-1372","page","type-page","status-publish","hentry"],"yoast_head":"<!-- This site is optimized with the Yoast SEO plugin v27.4 - https:\/\/yoast.com\/product\/yoast-seo-wordpress\/ -->\n<title>Privacidade -<\/title>\n<meta name=\"robots\" content=\"index, follow, max-snippet:-1, max-image-preview:large, max-video-preview:-1\" \/>\n<link rel=\"canonical\" href=\"https:\/\/cal4game.com\/es\/privacidade\/\" \/>\n<meta property=\"og:locale\" content=\"es_ES\" \/>\n<meta property=\"og:type\" content=\"article\" \/>\n<meta property=\"og:title\" content=\"Privacidade -\" \/>\n<meta property=\"og:description\" content=\"Pol\u00edtica de Privacidade A sua privacidade \u00e9 importante para n\u00f3s. \u00c9 pol\u00edtica da Cal4Game respeitar a sua privacidade relativa a qualquer informa\u00e7\u00e3o sua que possa ser recolhida na nossa plataforma, Cal4Game. Toda a informa\u00e7\u00e3o recolhida ser\u00e1 \u00fanica e exclusivamente para fornecer determinado servi\u00e7o.&nbsp;Fazemo-lo por meios justos e legais, com o seu conhecimento e consentimento. Apenas [&hellip;]\" \/>\n<meta property=\"og:url\" content=\"https:\/\/cal4game.com\/es\/privacidade\/\" \/>\n<meta property=\"article:modified_time\" content=\"2022-12-03T18:04:46+00:00\" \/>\n<meta name=\"twitter:card\" content=\"summary_large_image\" \/>\n<meta name=\"twitter:label1\" content=\"Tiempo de lectura\" \/>\n\t<meta name=\"twitter:data1\" content=\"3 minutos\" \/>\n<script type=\"application\/ld+json\" class=\"yoast-schema-graph\">{\"@context\":\"https:\\\/\\\/schema.org\",\"@graph\":[{\"@type\":\"WebPage\",\"@id\":\"https:\\\/\\\/cal4game.com\\\/privacidade\\\/\",\"url\":\"https:\\\/\\\/cal4game.com\\\/privacidade\\\/\",\"name\":\"Privacidade -\",\"isPartOf\":{\"@id\":\"https:\\\/\\\/cal4game.com\\\/#website\"},\"datePublished\":\"2022-10-19T17:51:31+00:00\",\"dateModified\":\"2022-12-03T18:04:46+00:00\",\"breadcrumb\":{\"@id\":\"https:\\\/\\\/cal4game.com\\\/privacidade\\\/#breadcrumb\"},\"inLanguage\":\"es\",\"potentialAction\":[{\"@type\":\"ReadAction\",\"target\":[\"https:\\\/\\\/cal4game.com\\\/privacidade\\\/\"]}]},{\"@type\":\"BreadcrumbList\",\"@id\":\"https:\\\/\\\/cal4game.com\\\/privacidade\\\/#breadcrumb\",\"itemListElement\":[{\"@type\":\"ListItem\",\"position\":1,\"name\":\"Home\",\"item\":\"https:\\\/\\\/cal4game.com\\\/\"},{\"@type\":\"ListItem\",\"position\":2,\"name\":\"Privacidade\"}]},{\"@type\":\"WebSite\",\"@id\":\"https:\\\/\\\/cal4game.com\\\/#website\",\"url\":\"https:\\\/\\\/cal4game.com\\\/\",\"name\":\"\",\"description\":\"\",\"potentialAction\":[{\"@type\":\"SearchAction\",\"target\":{\"@type\":\"EntryPoint\",\"urlTemplate\":\"https:\\\/\\\/cal4game.com\\\/?s={search_term_string}\"},\"query-input\":{\"@type\":\"PropertyValueSpecification\",\"valueRequired\":true,\"valueName\":\"search_term_string\"}}],\"inLanguage\":\"es\"}]}<\/script>\n<!-- \/ Yoast SEO plugin. -->","yoast_head_json":{"title":"Privacidade -","robots":{"index":"index","follow":"follow","max-snippet":"max-snippet:-1","max-image-preview":"max-image-preview:large","max-video-preview":"max-video-preview:-1"},"canonical":"https:\/\/cal4game.com\/es\/privacidade\/","og_locale":"es_ES","og_type":"article","og_title":"Privacidade -","og_description":"Pol\u00edtica de Privacidade A sua privacidade \u00e9 importante para n\u00f3s. \u00c9 pol\u00edtica da Cal4Game respeitar a sua privacidade relativa a qualquer informa\u00e7\u00e3o sua que possa ser recolhida na nossa plataforma, Cal4Game. Toda a informa\u00e7\u00e3o recolhida ser\u00e1 \u00fanica e exclusivamente para fornecer determinado servi\u00e7o.&nbsp;Fazemo-lo por meios justos e legais, com o seu conhecimento e consentimento. Apenas [&hellip;]","og_url":"https:\/\/cal4game.com\/es\/privacidade\/","article_modified_time":"2022-12-03T18:04:46+00:00","twitter_card":"summary_large_image","twitter_misc":{"Tiempo de lectura":"3 minutos"},"schema":{"@context":"https:\/\/schema.org","@graph":[{"@type":"WebPage","@id":"https:\/\/cal4game.com\/privacidade\/","url":"https:\/\/cal4game.com\/privacidade\/","name":"Privacidade -","isPartOf":{"@id":"https:\/\/cal4game.com\/#website"},"datePublished":"2022-10-19T17:51:31+00:00","dateModified":"2022-12-03T18:04:46+00:00","breadcrumb":{"@id":"https:\/\/cal4game.com\/privacidade\/#breadcrumb"},"inLanguage":"es","potentialAction":[{"@type":"ReadAction","target":["https:\/\/cal4game.com\/privacidade\/"]}]},{"@type":"BreadcrumbList","@id":"https:\/\/cal4game.com\/privacidade\/#breadcrumb","itemListElement":[{"@type":"ListItem","position":1,"name":"Home","item":"https:\/\/cal4game.com\/"},{"@type":"ListItem","position":2,"name":"Privacidade"}]},{"@type":"WebSite","@id":"https:\/\/cal4game.com\/#website","url":"https:\/\/cal4game.com\/","name":"","description":"","potentialAction":[{"@type":"SearchAction","target":{"@type":"EntryPoint","urlTemplate":"https:\/\/cal4game.com\/?s={search_term_string}"},"query-input":{"@type":"PropertyValueSpecification","valueRequired":true,"valueName":"search_term_string"}}],"inLanguage":"es"}]}},"uagb_featured_image_src":{"full":false,"thumbnail":false,"medium":false,"medium_large":false,"large":false,"1536x1536":false,"2048x2048":false,"trp-custom-language-flag":false},"uagb_author_info":{"display_name":"Diogo Gomes","author_link":"https:\/\/cal4game.com\/es\/author\/diogo-bastos-gomesgmail-com\/"},"uagb_comment_info":0,"uagb_excerpt":"Pol\u00edtica de Privacidade A sua privacidade \u00e9 importante para n\u00f3s. \u00c9 pol\u00edtica da Cal4Game respeitar a sua privacidade relativa a qualquer informa\u00e7\u00e3o sua que possa ser recolhida na nossa plataforma, Cal4Game. Toda a informa\u00e7\u00e3o recolhida ser\u00e1 \u00fanica e exclusivamente para fornecer determinado servi\u00e7o.&nbsp;Fazemo-lo por meios justos e legais, com o seu conhecimento e consentimento. Apenas&hellip;","_links":{"self":[{"href":"https:\/\/cal4game.com\/es\/wp-json\/wp\/v2\/pages\/1372","targetHints":{"allow":["GET"]}}],"collection":[{"href":"https:\/\/cal4game.com\/es\/wp-json\/wp\/v2\/pages"}],"about":[{"href":"https:\/\/cal4game.com\/es\/wp-json\/wp\/v2\/types\/page"}],"author":[{"embeddable":true,"href":"https:\/\/cal4game.com\/es\/wp-json\/wp\/v2\/users\/1"}],"replies":[{"embeddable":true,"href":"https:\/\/cal4game.com\/es\/wp-json\/wp\/v2\/comments?post=1372"}],"version-history":[{"count":47,"href":"https:\/\/cal4game.com\/es\/wp-json\/wp\/v2\/pages\/1372\/revisions"}],"predecessor-version":[{"id":3014,"href":"https:\/\/cal4game.com\/es\/wp-json\/wp\/v2\/pages\/1372\/revisions\/3014"}],"wp:attachment":[{"href":"https:\/\/cal4game.com\/es\/wp-json\/wp\/v2\/media?parent=1372"}],"curies":[{"name":"wp","href":"https:\/\/api.w.org\/{rel}","templated":true}]}}